{"id":1043,"date":"2016-12-19T14:33:15","date_gmt":"2016-12-19T13:33:15","guid":{"rendered":"http:\/\/bach-to-trad-co.org\/?page_id=1043"},"modified":"2021-06-19T14:22:45","modified_gmt":"2021-06-19T13:22:45","slug":"bach-suite-bwv-995","status":"publish","type":"page","link":"http:\/\/bach-to-trad-co.org\/?page_id=1043","title":{"rendered":"Bach Suite &#8211; Bwv 995"},"content":{"rendered":"<p><span style=\"color: #000000;\">cr\u00e9ation 17 mars 2017&nbsp; Th\u00e9\u00e2tre 14<br \/>\n<\/span><\/p>\n<p><span style=\"color: #000000;\">En co-cr\u00e9ation avec la compagnie Belles Danses<\/span><\/p>\n<p><span style=\"color: #000000;\"><span style=\"text-decoration: underline;\">Chor\u00e9graphies<\/span>: Christine Bayle &amp; Lauriane Kereg<br \/>\n<\/span><\/p>\n<p><span style=\"color: #000000;\"><span style=\"text-decoration: underline;\">Musiques<\/span>: J.S.Bach \/ Bartok \/ Brassens&nbsp; interpr\u00e9t\u00e9e par Denis Gasser guitare voix et Lauriane Kereg ,chant<br \/>\n<\/span><\/p>\n","protected":false},"excerpt":{"rendered":"<p>cr\u00e9ation 17 mars 2017&nbsp; Th\u00e9\u00e2tre 14 En co-cr\u00e9ation avec la compagnie Belles Danses Chor\u00e9graphies: Christine Bayle &amp; Lauriane Kereg Musiques: J.S.Bach \/ Bartok \/ Brassens&nbsp; interpr\u00e9t\u00e9e par Denis Gasser guitare voix et Lauriane Kereg ,chant<\/p>\n","protected":false},"author":3,"featured_media":0,"parent":0,"menu_order":0,"comment_status":"closed","ping_status":"closed","template":"","meta":[],"_links":{"self":[{"href":"http:\/\/bach-to-trad-co.org\/index.php?rest_route=\/wp\/v2\/pages\/1043"}],"collection":[{"href":"http:\/\/bach-to-trad-co.org\/index.php?rest_route=\/wp\/v2\/pages"}],"about":[{"href":"http:\/\/bach-to-trad-co.org\/index.php?rest_route=\/wp\/v2\/types\/page"}],"author":[{"embeddable":true,"href":"http:\/\/bach-to-trad-co.org\/index.php?rest_route=\/wp\/v2\/users\/3"}],"replies":[{"embeddable":true,"href":"http:\/\/bach-to-trad-co.org\/index.php?rest_route=%2Fwp%2Fv2%2Fcomments&post=1043"}],"version-history":[{"count":7,"href":"http:\/\/bach-to-trad-co.org\/index.php?rest_route=\/wp\/v2\/pages\/1043\/revisions"}],"predecessor-version":[{"id":1195,"href":"http:\/\/bach-to-trad-co.org\/index.php?rest_route=\/wp\/v2\/pages\/1043\/revisions\/1195"}],"wp:attachment":[{"href":"http:\/\/bach-to-trad-co.org\/index.php?rest_route=%2Fwp%2Fv2%2Fmedia&parent=1043"}],"curies":[{"name":"wp","href":"https:\/\/api.w.org\/{rel}","templated":true}]}}