{"id":1057,"date":"2017-03-12T22:39:37","date_gmt":"2017-03-12T21:39:37","guid":{"rendered":"http:\/\/bach-to-trad-co.org\/?page_id=1057"},"modified":"2021-07-21T16:25:15","modified_gmt":"2021-07-21T15:25:15","slug":"videos","status":"publish","type":"page","link":"http:\/\/bach-to-trad-co.org\/?page_id=1057","title":{"rendered":"Vid\u00e9os"},"content":{"rendered":"\n<h3>RDV sur vim\u00e9o : https:\/\/vimeo.com\/bachtotradandco  <\/h3>\n\n\n\n<h3>pour un r\u00e9pertoire vari\u00e9 de vid\u00e9os (en cours d&rsquo;actualisation&#8230; )<\/h3>\n\n\n<p><iframe loading=\"lazy\" src=\"https:\/\/player.vimeo.com\/video\/227911347\" allowfullscreen=\"allowfullscreen\" width=\"500\" height=\"300\" frameborder=\"0\"><span style=\"display: inline-block; width: 0px; overflow: hidden; line-height: 0;\" data-mce-type=\"bookmark\" class=\"mce_SELRES_start\">\ufeff<\/span><span style=\"display: inline-block; width: 0px; overflow: hidden; line-height: 0;\" data-mce-type=\"bookmark\" class=\"mce_SELRES_start\">\ufeff<\/span><\/iframe><iframe loading=\"lazy\" src=\"https:\/\/player.vimeo.com\/video\/177365272\" allowfullscreen=\"allowfullscreen\" width=\"500\" height=\"300\" frameborder=\"0\"><span style=\"display: inline-block; width: 0px; overflow: hidden; line-height: 0;\" data-mce-type=\"bookmark\" class=\"mce_SELRES_start\">\ufeff<\/span><\/iframe><br><span style=\"color: #000000;\">Irish Suite &#8211; Bach to Trad &amp; CO # 1&nbsp; ( extrait )<br><\/span><\/p>\n<p><span style=\"color: #000000;\"><br><em>The Bag of Spuds<\/em> &#8211; Reel trad.irlandais (&nbsp; extrait )<br>Bach to Trad &amp; CO # 2<\/span><\/p>","protected":false},"excerpt":{"rendered":"<p>RDV sur vim\u00e9o : https:\/\/vimeo.com\/bachtotradandco pour un r\u00e9pertoire vari\u00e9 de vid\u00e9os (en cours d&rsquo;actualisation&#8230; ) \ufeff\ufeff\ufeffIrish Suite &#8211; Bach to Trad &amp; CO # 1&nbsp; ( extrait ) The Bag of Spuds &#8211; Reel trad.irlandais (&nbsp; extrait )Bach to Trad &amp; CO # 2<\/p>\n","protected":false},"author":3,"featured_media":0,"parent":0,"menu_order":0,"comment_status":"closed","ping_status":"closed","template":"","meta":[],"_links":{"self":[{"href":"http:\/\/bach-to-trad-co.org\/index.php?rest_route=\/wp\/v2\/pages\/1057"}],"collection":[{"href":"http:\/\/bach-to-trad-co.org\/index.php?rest_route=\/wp\/v2\/pages"}],"about":[{"href":"http:\/\/bach-to-trad-co.org\/index.php?rest_route=\/wp\/v2\/types\/page"}],"author":[{"embeddable":true,"href":"http:\/\/bach-to-trad-co.org\/index.php?rest_route=\/wp\/v2\/users\/3"}],"replies":[{"embeddable":true,"href":"http:\/\/bach-to-trad-co.org\/index.php?rest_route=%2Fwp%2Fv2%2Fcomments&post=1057"}],"version-history":[{"count":19,"href":"http:\/\/bach-to-trad-co.org\/index.php?rest_route=\/wp\/v2\/pages\/1057\/revisions"}],"predecessor-version":[{"id":1215,"href":"http:\/\/bach-to-trad-co.org\/index.php?rest_route=\/wp\/v2\/pages\/1057\/revisions\/1215"}],"wp:attachment":[{"href":"http:\/\/bach-to-trad-co.org\/index.php?rest_route=%2Fwp%2Fv2%2Fmedia&parent=1057"}],"curies":[{"name":"wp","href":"https:\/\/api.w.org\/{rel}","templated":true}]}}