{"id":1180,"date":"2021-06-15T18:41:28","date_gmt":"2021-06-15T17:41:28","guid":{"rendered":"http:\/\/bach-to-trad-co.org\/?page_id=1180"},"modified":"2021-06-21T08:05:59","modified_gmt":"2021-06-21T07:05:59","slug":"pistes-de-travail-20-21","status":"publish","type":"page","link":"http:\/\/bach-to-trad-co.org\/?page_id=1180","title":{"rendered":"Pistes de travail 20\/21"},"content":{"rendered":"\n<p>-Vid\u00e9os solo r\u00e9alis\u00e9es cette saison :<\/p>\n\n\n\n<p><strong>-Tidal wave<\/strong>: po\u00e8me de Seamus Heaney sur des musiques trad malgache et irlandaise<\/p>\n\n\n\n<p><strong>-Kanon \u00e0 neige<\/strong> : 2 choeurs de Bartok  + bourr\u00e9e \u00e0 2 temps U.S. ( Gt \u00e9lectrique )<\/p>\n\n\n\n<p>&#8211;<strong>Armidifi\u00e9e<\/strong> : tube solo de la danse baroque ( Armide op\u00e9ra de Lully ) lilt\u00e9e : chant\u00e9 \u00e0 l&rsquo;irlandaise sean-nos vieux style ) sur orchestre midi<\/p>\n\n\n\n<p><strong>-The Juggler <\/strong>: chor\u00e9graphie polyrythmique pluri-influenc\u00e9e sur un titre de Weather Report ( 1988 )<\/p>\n\n\n\n<p><\/p>\n\n\n\n<p><\/p>\n\n\n\n<p><strong>-Ne Hagy itt<\/strong>:  choeur \u00e0 3 Vx  Bela Bartok et po\u00e9sie de Florence Pazottu<\/p>\n\n\n\n<p><\/p>\n\n\n\n<p><\/p>\n\n\n\n<p><strong>-Bach Suite Bwv 996<\/strong> avec Akiko Veaux danseuse-chor\u00e9graphe<\/p>\n\n\n\n<p>Audio uniquement pour l&rsquo;instant <\/p>\n\n\n\n<p><strong>-Bach suite Bwv 1013<\/strong> guitare solo<\/p>\n\n\n\n<p><strong>-Gaby suite<\/strong> : 4 chansons-tubes de Gabriel Faur\u00e9 enchain\u00e9es : Au bord de l&rsquo;eau, le secret , Apr\u00e8s un r\u00eave ,Les Berceaux<\/p>\n","protected":false},"excerpt":{"rendered":"<p>-Vid\u00e9os solo r\u00e9alis\u00e9es cette saison : -Tidal wave: po\u00e8me de Seamus Heaney sur des musiques trad malgache et irlandaise -Kanon \u00e0 neige : 2 choeurs de Bartok + bourr\u00e9e \u00e0 2 temps U.S. ( Gt \u00e9lectrique ) &#8211;Armidifi\u00e9e : tube solo de la danse baroque ( Armide op\u00e9ra de Lully&hellip; <\/p>\n","protected":false},"author":3,"featured_media":0,"parent":0,"menu_order":0,"comment_status":"closed","ping_status":"closed","template":"","meta":[],"_links":{"self":[{"href":"http:\/\/bach-to-trad-co.org\/index.php?rest_route=\/wp\/v2\/pages\/1180"}],"collection":[{"href":"http:\/\/bach-to-trad-co.org\/index.php?rest_route=\/wp\/v2\/pages"}],"about":[{"href":"http:\/\/bach-to-trad-co.org\/index.php?rest_route=\/wp\/v2\/types\/page"}],"author":[{"embeddable":true,"href":"http:\/\/bach-to-trad-co.org\/index.php?rest_route=\/wp\/v2\/users\/3"}],"replies":[{"embeddable":true,"href":"http:\/\/bach-to-trad-co.org\/index.php?rest_route=%2Fwp%2Fv2%2Fcomments&post=1180"}],"version-history":[{"count":6,"href":"http:\/\/bach-to-trad-co.org\/index.php?rest_route=\/wp\/v2\/pages\/1180\/revisions"}],"predecessor-version":[{"id":1209,"href":"http:\/\/bach-to-trad-co.org\/index.php?rest_route=\/wp\/v2\/pages\/1180\/revisions\/1209"}],"wp:attachment":[{"href":"http:\/\/bach-to-trad-co.org\/index.php?rest_route=%2Fwp%2Fv2%2Fmedia&parent=1180"}],"curies":[{"name":"wp","href":"https:\/\/api.w.org\/{rel}","templated":true}]}}