{"id":1188,"date":"2021-06-16T09:02:01","date_gmt":"2021-06-16T08:02:01","guid":{"rendered":"http:\/\/bach-to-trad-co.org\/?page_id=1188"},"modified":"2021-06-21T08:03:04","modified_gmt":"2021-06-21T07:03:04","slug":"pistes-de-travail-19-20","status":"publish","type":"page","link":"http:\/\/bach-to-trad-co.org\/?page_id=1188","title":{"rendered":"Pistes de travail 19\/20 :"},"content":{"rendered":"\n<p><strong>-Folies du monde<\/strong>  po\u00e9sie d &lsquo;Aur\u00e9lie Nemours sur la chor\u00e9e des Folies d&rsquo;Espagne chant\u00e9es \u00e0 capella<\/p>\n\n\n\n<p>&#8211;<strong>Folie de l&rsquo;Amour <\/strong>  Entr\u00e9e d&rsquo;Apollon en split screen pour danseur et guitariste, transcription pour guitare de cow-boy  (D.G.)<\/p>\n\n\n\n<p> vid\u00e9os r\u00e9alis\u00e9es par Vincent d&rsquo;Augerot au CND<\/p>\n\n\n\n<p>\u207b<strong>Kantor &#8211;<\/strong>   Aria  \u00ab\u00a0Vergibt mir Jesus meine sunden\u00a0\u00bb Cantate  Bwv 48 ( chant et chor\u00e9graphie ) orchestre midi<\/p>\n\n\n\n<p><strong>-L&rsquo;homme arm\u00e9<\/strong> ( XV ) Chant  percus corporelles et bourr\u00e9e trad.<\/p>\n\n\n\n<p><strong>-Phaeton raga Shri <\/strong>  solo danse baroque sur un raga indien extrait du C.D \u00ab\u00a0Souffles du monde\u00a0\u00bb d&rsquo;Henri Tournier<\/p>\n\n\n\n<p><strong>-Sarabande Bwv 995 <\/strong> chor\u00e9graphi\u00e9e et chant\u00e9e  a capella<\/p>\n\n\n\n<p><strong>-Suite Musette ( de cour ! )<\/strong> avec Akiko Veaux et Dominique Paris<\/p>\n","protected":false},"excerpt":{"rendered":"<p>-Folies du monde po\u00e9sie d &lsquo;Aur\u00e9lie Nemours sur la chor\u00e9e des Folies d&rsquo;Espagne chant\u00e9es \u00e0 capella &#8211;Folie de l&rsquo;Amour Entr\u00e9e d&rsquo;Apollon en split screen pour danseur et guitariste, transcription pour guitare de cow-boy (D.G.) vid\u00e9os r\u00e9alis\u00e9es par Vincent d&rsquo;Augerot au CND \u207bKantor &#8211; Aria \u00ab\u00a0Vergibt mir Jesus meine sunden\u00a0\u00bb Cantate&hellip; <\/p>\n","protected":false},"author":3,"featured_media":0,"parent":0,"menu_order":0,"comment_status":"closed","ping_status":"closed","template":"","meta":[],"_links":{"self":[{"href":"http:\/\/bach-to-trad-co.org\/index.php?rest_route=\/wp\/v2\/pages\/1188"}],"collection":[{"href":"http:\/\/bach-to-trad-co.org\/index.php?rest_route=\/wp\/v2\/pages"}],"about":[{"href":"http:\/\/bach-to-trad-co.org\/index.php?rest_route=\/wp\/v2\/types\/page"}],"author":[{"embeddable":true,"href":"http:\/\/bach-to-trad-co.org\/index.php?rest_route=\/wp\/v2\/users\/3"}],"replies":[{"embeddable":true,"href":"http:\/\/bach-to-trad-co.org\/index.php?rest_route=%2Fwp%2Fv2%2Fcomments&post=1188"}],"version-history":[{"count":3,"href":"http:\/\/bach-to-trad-co.org\/index.php?rest_route=\/wp\/v2\/pages\/1188\/revisions"}],"predecessor-version":[{"id":1208,"href":"http:\/\/bach-to-trad-co.org\/index.php?rest_route=\/wp\/v2\/pages\/1188\/revisions\/1208"}],"wp:attachment":[{"href":"http:\/\/bach-to-trad-co.org\/index.php?rest_route=%2Fwp%2Fv2%2Fmedia&parent=1188"}],"curies":[{"name":"wp","href":"https:\/\/api.w.org\/{rel}","templated":true}]}}