{"id":1249,"date":"2022-05-04T15:22:03","date_gmt":"2022-05-04T14:22:03","guid":{"rendered":"http:\/\/bach-to-trad-co.org\/?page_id=1249"},"modified":"2023-08-26T14:38:45","modified_gmt":"2023-08-26T13:38:45","slug":"accueil","status":"publish","type":"page","link":"http:\/\/bach-to-trad-co.org\/","title":{"rendered":"Accueil"},"content":{"rendered":"\n<p><strong>Du multi-sect\u00e9s vers l&rsquo;Universel par la verticalit\u00e9 du temps<\/strong>&#8230;.<\/p>\n\n\n\n<figure class=\"wp-block-image size-large\"><a href=\"http:\/\/bach-to-trad-co.org\/wp-content\/uploads\/Flyer_dyptique_Louvres-Arenes-202304-01.03-low.png\" data-rel=\"lightbox-image-0\" data-rl_title=\"\" data-rl_caption=\"\" title=\"\"><img loading=\"lazy\" width=\"800\" height=\"449\" src=\"http:\/\/bach-to-trad-co.org\/wp-content\/uploads\/Flyer_dyptique_Louvres-Arenes-202304-01.03-low.png\" alt=\"\" class=\"wp-image-1256\" srcset=\"http:\/\/bach-to-trad-co.org\/wp-content\/uploads\/Flyer_dyptique_Louvres-Arenes-202304-01.03-low.png 800w, http:\/\/bach-to-trad-co.org\/wp-content\/uploads\/Flyer_dyptique_Louvres-Arenes-202304-01.03-low-300x168.png 300w, http:\/\/bach-to-trad-co.org\/wp-content\/uploads\/Flyer_dyptique_Louvres-Arenes-202304-01.03-low-768x431.png 768w\" sizes=\"(max-width: 800px) 100vw, 800px\" \/><\/a><figcaption><a href=\"https:\/\/vimeo.com\/805485996?width=1080\" data-rel=\"lightbox-video-0\" target=\"_blank\" rel=\"noreferrer noopener\">https:\/\/vimeo.com\/805485996 <\/a>et <a rel=\"noreferrer noopener\" href=\"https:\/\/vimeo.com\/805484710?width=1080\" data-rel=\"lightbox-video-1\" target=\"_blank\">https:\/\/vimeo.com\/805484710<\/a><\/figcaption><\/figure>\n\n\n\n<p class=\"has-text-align-center\">48 vid\u00e9os sur vim\u00e9o<\/p>\n\n\n\n<p><\/p>\n","protected":false},"excerpt":{"rendered":"<p>Du multi-sect\u00e9s vers l&rsquo;Universel par la verticalit\u00e9 du temps&#8230;. 48 vid\u00e9os sur vim\u00e9o<\/p>\n","protected":false},"author":1,"featured_media":0,"parent":0,"menu_order":0,"comment_status":"closed","ping_status":"closed","template":"","meta":[],"_links":{"self":[{"href":"http:\/\/bach-to-trad-co.org\/index.php?rest_route=\/wp\/v2\/pages\/1249"}],"collection":[{"href":"http:\/\/bach-to-trad-co.org\/index.php?rest_route=\/wp\/v2\/pages"}],"about":[{"href":"http:\/\/bach-to-trad-co.org\/index.php?rest_route=\/wp\/v2\/types\/page"}],"author":[{"embeddable":true,"href":"http:\/\/bach-to-trad-co.org\/index.php?rest_route=\/wp\/v2\/users\/1"}],"replies":[{"embeddable":true,"href":"http:\/\/bach-to-trad-co.org\/index.php?rest_route=%2Fwp%2Fv2%2Fcomments&post=1249"}],"version-history":[{"count":7,"href":"http:\/\/bach-to-trad-co.org\/index.php?rest_route=\/wp\/v2\/pages\/1249\/revisions"}],"predecessor-version":[{"id":1274,"href":"http:\/\/bach-to-trad-co.org\/index.php?rest_route=\/wp\/v2\/pages\/1249\/revisions\/1274"}],"wp:attachment":[{"href":"http:\/\/bach-to-trad-co.org\/index.php?rest_route=%2Fwp%2Fv2%2Fmedia&parent=1249"}],"curies":[{"name":"wp","href":"https:\/\/api.w.org\/{rel}","templated":true}]}}