{"id":264,"date":"2014-06-17T10:07:10","date_gmt":"2014-06-17T09:07:10","guid":{"rendered":"http:\/\/bach-to-trad-co.org\/?page_id=264"},"modified":"2016-09-27T08:56:51","modified_gmt":"2016-09-27T07:56:51","slug":"ateliers-formations","status":"publish","type":"page","link":"http:\/\/bach-to-trad-co.org\/?page_id=264","title":{"rendered":"Ateliers \/ Formations"},"content":{"rendered":"<h5 style=\"text-align: justify;\"><span style=\"color: #000000;\"> Stages ponctuels, r\u00e9guliers ou r\u00e9sidences\u00a0<\/span><\/h5>\n<p style=\"text-align: justify;\"><span style=\"color: #333333;\">Pour tout public, de 7 \u00e0 97 ans, amateurs et\/ou professionnels cherchant \u00e0 travailler sur les variants, invariants, et fondamentaux des trois axes des diff\u00e9rents domaines artistiques du projet. Ces ateliers sont co-dirig\u00e9s par Lauriane Kereg ( professeur D.E.) et Denis Gasser ( psychomotricien D.E. ) dans une approche polyrythmique de ces trois axes. Ces ateli<\/span><span style=\"color: #333333;\">ers \u00e9tant compl\u00e9mentaires, l&rsquo;accent pouvant \u00eatre mis plus sp\u00e9cifiquement sur l&rsquo;un d&rsquo;entre eux suivant la demande.<\/span><\/p>\n<h6 style=\"text-align: justify;\"><span style=\"color: #000000;\">Danses :<\/span><\/h6>\n<p style=\"text-align: justify;\"><span style=\"color: #333333;\">Elaborer des passerelles entre diff\u00e9rentes danses: contemporaine, baroque et traditionnelles ( irlandaise, fran\u00e7aise&#8230; ) dans un travail intimement li\u00e9 \u00e0 l&rsquo;\u00e9coute attentive de structures de la musique, avec une attention particuli\u00e8re au temps et \u00e0 l&rsquo;organisation de ses divisions et des mesures.<\/span><br \/>\n<span style=\"color: #333333;\"> Aborder des \u00e9l\u00e9ments simples mais fondamentaux, communs \u00e0 ces danses, comme la marche ou les respirations dans le mouvement. D\u00e9velopper la conscience du temps mis en relation au poids du corps, et aux transferts d&rsquo;appuis. Jouer avec des patterns rythmiques simples ou plus complexes \u00e0 faire vivre dans le corps. Sur place et dans le d\u00e9placement, aboutissant \u00e0 la construction de trajets en fonction de l&rsquo;espace et de ses partenaires .<\/span><\/p>\n<h6 style=\"text-align: justify;\"><span style=\"color: #000000;\">Chansons du monde \/ formation vocale et musicale :<\/span><\/h6>\n<p style=\"text-align: justify;\"><span style=\"color: #333333;\">Sur le r\u00e9pertoire propos\u00e9 par les participants (tous styles, toutes \u00e9poques et toutes langues)<\/span><br \/>\n<span style=\"color: #333333;\"> R\u00e9alisation des projets personnels des participants dans le domaine de la Chanson pouvant aboutir \u00e0 des spectacles et\/ou des enregistrements.<\/span><br \/>\n<span style=\"color: #333333;\"> Chant solo et en ch\u0153ur, du parfait d\u00e9butant au professionnel , le groupe assurant par des ch\u0153urs, des chor\u00e9graphies des percussions ou des instruments d&rsquo;accompagnements l&rsquo;objectivation des structures musicales fondamentales. Le solf\u00e8ge du chanteur est toujours abord\u00e9 par le corps.<\/span><\/p>\n<h6 style=\"text-align: justify;\"><span style=\"color: #000000;\">Travail corporel :<\/span><\/h6>\n<p style=\"text-align: justify;\"><span style=\"color: #333333;\">Reli\u00e9 \u00e0 une approche psycho-corporelle de la danse et du chant : relaxation, orthophonie et psychomotricit\u00e9<br \/>\nIl y sera sera pratiqu\u00e9 :<\/span><br \/>\n<span style=\"color: #333333;\"> &#8211; Diverses relaxations et particuli\u00e8rement le training autog\u00e8ne de Schultz<\/span><br \/>\n<span style=\"color: #333333;\"> &#8211; Travail respiratoire ( M\u00e9thode le Huche ), ( Yoga )<\/span><br \/>\n<span style=\"color: #333333;\"> &#8211; Notions d\u2019anatomie et de physiologie<\/span><br \/>\n<span style=\"color: #333333;\"> &#8211; R\u00e9gulation tonique et posturale proprioceptive<\/span><br \/>\n<span style=\"color: #333333;\"> &#8211; La phonation sera abord\u00e9e par un travail sur les harmoniques, le placement et la prise de conscience des r\u00e9sonateurs et des rapports souffle\/son.<\/span><br \/>\n<span style=\"color: #333333;\"> &#8211; Prise de conscience des diff\u00e9rentes approches tonale et modale. Cette derni\u00e8re sera privil\u00e9gi\u00e9e pour la d\u00e9couverte et la pratique des intervalles.<\/span><br \/>\n<span style=\"color: #333333;\"> &#8211; Les rythmes seront travaill\u00e9s par un solf\u00e8ge dans\u00e9 coordinateur pieds-mains-voix avec utilisation de percussions en polyrythmies compl\u00e9mentaires.<\/span><\/p>\n<p style=\"text-align: justify;\">\n","protected":false},"excerpt":{"rendered":"<p>Stages ponctuels, r\u00e9guliers ou r\u00e9sidences\u00a0 Pour tout public, de 7 \u00e0 97 ans, amateurs et\/ou professionnels cherchant \u00e0 travailler sur les variants, invariants, et fondamentaux des trois axes des diff\u00e9rents domaines artistiques du projet. Ces ateliers sont co-dirig\u00e9s par Lauriane Kereg ( professeur D.E.) et Denis Gasser ( psychomotricien D.E.&hellip; <\/p>\n","protected":false},"author":1,"featured_media":0,"parent":0,"menu_order":0,"comment_status":"closed","ping_status":"closed","template":"","meta":[],"_links":{"self":[{"href":"http:\/\/bach-to-trad-co.org\/index.php?rest_route=\/wp\/v2\/pages\/264"}],"collection":[{"href":"http:\/\/bach-to-trad-co.org\/index.php?rest_route=\/wp\/v2\/pages"}],"about":[{"href":"http:\/\/bach-to-trad-co.org\/index.php?rest_route=\/wp\/v2\/types\/page"}],"author":[{"embeddable":true,"href":"http:\/\/bach-to-trad-co.org\/index.php?rest_route=\/wp\/v2\/users\/1"}],"replies":[{"embeddable":true,"href":"http:\/\/bach-to-trad-co.org\/index.php?rest_route=%2Fwp%2Fv2%2Fcomments&post=264"}],"version-history":[{"count":25,"href":"http:\/\/bach-to-trad-co.org\/index.php?rest_route=\/wp\/v2\/pages\/264\/revisions"}],"predecessor-version":[{"id":1037,"href":"http:\/\/bach-to-trad-co.org\/index.php?rest_route=\/wp\/v2\/pages\/264\/revisions\/1037"}],"wp:attachment":[{"href":"http:\/\/bach-to-trad-co.org\/index.php?rest_route=%2Fwp%2Fv2%2Fmedia&parent=264"}],"curies":[{"name":"wp","href":"https:\/\/api.w.org\/{rel}","templated":true}]}}