{"id":477,"date":"2014-12-31T11:10:00","date_gmt":"2014-12-31T10:10:00","guid":{"rendered":"http:\/\/bach-to-trad-co.org\/?page_id=477"},"modified":"2017-03-13T18:11:58","modified_gmt":"2017-03-13T17:11:58","slug":"bach-to-trad-co-1","status":"publish","type":"page","link":"http:\/\/bach-to-trad-co.org\/?page_id=477","title":{"rendered":"Bach to Trad &#038; CO #1"},"content":{"rendered":"<p style=\"text-align: left;\"><span style=\"color: #333333;\">cr\u00e9ation 2014<br \/>\n<\/span><\/p>\n<ul>\n<li><span style=\"color: #333333;\"><span style=\"text-decoration: underline;\">R\u00e9veill\u00e9es, Chansons de qu\u00eates<\/span> extraites de \u00ab\u00a0Gentiane<\/span><br \/>\n<span style=\"color: #333333;\"> Musiques d&rsquo;Auvergne\u00a0\u00bb vinyl mythique de 1976 auquel Denis a particip\u00e9. Dominique Bagouet l&rsquo;a utilis\u00e9 pour une chor\u00e9graphie dans \u00ab\u00a0Ribatz Ribatz\u00a0\u00bb dont Lauriane s&rsquo;est inspir\u00e9e.<\/span><\/li>\n<li><span style=\"color: #333333;\"><span style=\"text-decoration: underline;\">Lev\u00e9l az otthoniakhoz &amp; Jatek<\/span> : extraits des 27 Choeurs pour enfants et voix de femmes de B\u00e9la Bart\u00f3k<\/span><br \/>\n<span style=\"color: #333333;\"> (Lettre aux miens)\/(Comptine)<\/span><\/li>\n<li><span style=\"color: #333333;\"><span style=\"text-decoration: underline;\">Sarabande D&rsquo;Iss\u00e9<\/span> : Destouches \/ Chor\u00e9graphie P\u00e9cour<\/span><\/li>\n<li><span style=\"color: #333333;\"><span style=\"text-decoration: underline;\">Passacaille d&rsquo;Armide<\/span> : Lully jou\u00e9e par La Chapelle Royale dirig\u00e9e par Philippe Herweeghe \/ Chor\u00e9graphie P\u00e9cour<\/span><\/li>\n<li><span style=\"color: #333333;\"><span style=\"text-decoration: underline;\">Irish suite<\/span> tir\u00e9e du r\u00e9pertoire de Tommy Potts ( le plus baroque des fiddlers irlandais ) :<\/span><br \/>\n<span style=\"color: #333333;\"> slow air : \u00a0\u00bb Dear Irish Boy\u00a0\u00bb<\/span><br \/>\n<span style=\"color: #333333;\"> jigs : \u00ab\u00a0Garret Barry&rsquo;s Favorite\u00a0\u00bb \u00ab\u00a0Gander at the pratie Hole\u00a0\u00bb \u00ab\u00a0Rambling pitchfork\u00a0\u00bb.<\/span><\/li>\n<li><span style=\"color: #333333;\"><span style=\"text-decoration: underline;\">Senkim a Vilagon<\/span> : B.Bart\u00f3k<\/span><\/li>\n<li><span style=\"text-decoration: underline; color: #333333;\">Sarabande Bwv 1012<\/span><\/li>\n<li><span style=\"color: #333333;\"><span style=\"text-decoration: underline;\">Reel<\/span> : \u00ab\u00a0Paddy Rafferty&rsquo;s favourite\u00a0\u00bb (Merci \u00e0 Matt Molloy)<\/span><\/li>\n<li><span style=\"text-decoration: underline; color: #333333;\">Allemande Bwv 1009<\/span><\/li>\n<li><span style=\"color: #333333;\"><span style=\"text-decoration: underline;\">Le Bon Dieu<\/span> : Jacques Brel<\/span><\/li>\n<li><span style=\"color: #333333;\"><span style=\"text-decoration: underline;\">Hornpipe<\/span> :\u00a0 \u00ab\u00a0The rights of Man\u00a0\u00bb<br \/>\n<\/span><\/li>\n<li><span style=\"color: #333333;\"><span style=\"text-decoration: underline;\">Courante Bwv 996<\/span> extraite de la suite pour Luth<\/span><\/li>\n<li><span style=\"color: #333333;\"><span style=\"text-decoration: underline;\">Aucun Express<\/span> : Alain Bashung \/ J.Fauque<\/span><\/li>\n<li><span style=\"color: #333333;\"><span style=\"text-decoration: underline;\">Cip\u00f3s\u00fctes<\/span> : B.Bart\u00f3k (Comptine sur la fabrication du pain par les animaux)<\/span><\/li>\n<li><span style=\"color: #333333;\"><span style=\"text-decoration: underline;\">Le petit joueur de fl\u00fbtiau<\/span> ( extraits ) G.Brassens<\/span><\/li>\n<li><span style=\"text-decoration: underline; color: #333333;\">Gigue Bwv 1012<\/span><\/li>\n<\/ul>\n<p><span style=\"color: #333333;\">Les fragments po\u00e9tiques sont de Charlotte Delbo, Emily Dickinson, Gabriel Okoundji, et Rainer Maria Rilke.<\/span><\/p>\n<p><span style=\"color: #333333;\"><strong>Partenaires \/ r\u00e9sidences:<\/strong><\/span><br \/>\n<span style=\"color: #333333;\"> \u2022 Le Centre National de la Danse &#8211; Pantin (93) dans le cadre de la mise \u00e0 disposition des studios<\/span><br \/>\n<span style=\"color: #333333;\"> \u2022 Le Centre d&rsquo;Animation Arras &#8211; 75005 Paris <\/span><\/p>\n<p>&nbsp;<\/p>\n","protected":false},"excerpt":{"rendered":"<p>cr\u00e9ation 2014 R\u00e9veill\u00e9es, Chansons de qu\u00eates extraites de \u00ab\u00a0Gentiane Musiques d&rsquo;Auvergne\u00a0\u00bb vinyl mythique de 1976 auquel Denis a particip\u00e9. Dominique Bagouet l&rsquo;a utilis\u00e9 pour une chor\u00e9graphie dans \u00ab\u00a0Ribatz Ribatz\u00a0\u00bb dont Lauriane s&rsquo;est inspir\u00e9e. Lev\u00e9l az otthoniakhoz &amp; Jatek : extraits des 27 Choeurs pour enfants et voix de femmes de&hellip; <\/p>\n","protected":false},"author":3,"featured_media":0,"parent":0,"menu_order":0,"comment_status":"closed","ping_status":"closed","template":"","meta":[],"_links":{"self":[{"href":"http:\/\/bach-to-trad-co.org\/index.php?rest_route=\/wp\/v2\/pages\/477"}],"collection":[{"href":"http:\/\/bach-to-trad-co.org\/index.php?rest_route=\/wp\/v2\/pages"}],"about":[{"href":"http:\/\/bach-to-trad-co.org\/index.php?rest_route=\/wp\/v2\/types\/page"}],"author":[{"embeddable":true,"href":"http:\/\/bach-to-trad-co.org\/index.php?rest_route=\/wp\/v2\/users\/3"}],"replies":[{"embeddable":true,"href":"http:\/\/bach-to-trad-co.org\/index.php?rest_route=%2Fwp%2Fv2%2Fcomments&post=477"}],"version-history":[{"count":35,"href":"http:\/\/bach-to-trad-co.org\/index.php?rest_route=\/wp\/v2\/pages\/477\/revisions"}],"predecessor-version":[{"id":1069,"href":"http:\/\/bach-to-trad-co.org\/index.php?rest_route=\/wp\/v2\/pages\/477\/revisions\/1069"}],"wp:attachment":[{"href":"http:\/\/bach-to-trad-co.org\/index.php?rest_route=%2Fwp%2Fv2%2Fmedia&parent=477"}],"curies":[{"name":"wp","href":"https:\/\/api.w.org\/{rel}","templated":true}]}}