{"id":827,"date":"2016-01-15T20:05:53","date_gmt":"2016-01-15T19:05:53","guid":{"rendered":"http:\/\/bach-to-trad-co.org\/?page_id=827"},"modified":"2021-06-16T08:43:49","modified_gmt":"2021-06-16T07:43:49","slug":"projet-bis","status":"publish","type":"page","link":"http:\/\/bach-to-trad-co.org\/?page_id=827","title":{"rendered":"Le concept"},"content":{"rendered":"<p style=\"text-align: center;\"><span style=\"color: #333333;\">Dans le projet Bach to Trad &amp; CO se questionnent, se r\u00e9pondent, s&rsquo;influencent ces trois domaines artistiques:<\/span><\/p>\n<p style=\"text-align: center;\"><span style=\"color: #333333;\"><strong>&nbsp;<\/strong><\/span><\/p>\n<p style=\"text-align: center;\"><span style=\"color: #333333;\"><strong>&nbsp; &nbsp; &nbsp; &nbsp; &nbsp; &nbsp; &nbsp; &nbsp; &nbsp;&nbsp;&nbsp;&nbsp; <\/strong><strong> CONTEMPORAIN&nbsp;&nbsp;&nbsp;&nbsp;&nbsp;&nbsp;&nbsp;&nbsp;&nbsp; TRADITIONNEL&nbsp;&nbsp;&nbsp;&nbsp;&nbsp;&nbsp;&nbsp;&nbsp;&nbsp; <\/strong><strong>BAROQUE&nbsp;&nbsp;&nbsp;&nbsp;&nbsp;&nbsp;&nbsp;&nbsp;&nbsp;&nbsp;&nbsp;&nbsp;&nbsp;<\/strong><strong><br \/>\n<\/strong><\/span><\/p>\n<p>&nbsp;<\/p>\n<p><a style=\"color: #333333;\" href=\"http:\/\/bach-to-trad-co.org\/wp-content\/uploads\/2014\/08\/1297sans-fenetreR-e1427123232437.png\" data-rel=\"lightbox-image-0\" data-rl_title=\"\" data-rl_caption=\"\" title=\"\"><img loading=\"lazy\" class=\"aligncenter wp-image-745\" src=\"http:\/\/bach-to-trad-co.org\/wp-content\/uploads\/2014\/08\/1297sans-fenetreR-e1427123232437.png\" width=\"293\" height=\"313\" srcset=\"http:\/\/bach-to-trad-co.org\/wp-content\/uploads\/2014\/08\/1297sans-fenetreR-e1427123232437.png 518w, http:\/\/bach-to-trad-co.org\/wp-content\/uploads\/2014\/08\/1297sans-fenetreR-e1427123232437-281x300.png 281w, http:\/\/bach-to-trad-co.org\/wp-content\/uploads\/2014\/08\/1297sans-fenetreR-e1427123232437-141x150.png 141w\" sizes=\"(max-width: 293px) 100vw, 293px\" \/><\/a><\/p>\n<p style=\"padding-left: 30px;\"><span style=\"color: #333333;\">&nbsp;Le c\u0153ur de ce projet est de faire dialoguer des musiques et danses d&rsquo;origines sociales, historiques et g\u00e9ographiques diverses que nous avons pu travailler et approfondir.<\/span><br \/>\n<span style=\"color: #333333;\"> Entre ces diff\u00e9rents domaines pouvant para\u00eetre \u00e9loign\u00e9s trouve t-on des invariants universels ?<\/span><br \/>\n<span style=\"color: #333333;\"> Et comment les faire appr\u00e9cier, sans d\u00e9naturer ce qui est propre \u00e0 chacun ?<\/span><\/p>\n<p style=\"padding-left: 30px;\"><span style=\"color: #333333;\">&nbsp;Notre travail de cr\u00e9ation na\u00eet d\u2019un duo o\u00f9 les deux partenaires sont \u00e0 la fois danseurs, chanteurs et instrumentistes mais des partenaires ext\u00e9rieurs qui ont cette m\u00eame exigence de polyvalence artistique peuvent s&rsquo;y joindre.<\/span><\/p>\n<p style=\"padding-left: 30px;\"><span style=\"color: #333333;\">Les chor\u00e9graphies <strong>r\u00e9solument contemporaines<\/strong> s\u2019appuient principalement (mais pas uniquement) sur les structures et les caract\u00e9ristiques rythmiques de la musique. Selon les pi\u00e8ces elles puisent dans le vocabulaire baroque ou traditionnel, dont la danseuse\/chor\u00e9graphe et le musicien\/danseur ont une connaissance approfondie.<\/span><br \/>\n<span style=\"color: #333333;\"> Notre approche du r\u00e9pertoire des extraits de suites de Bach et du reste du r\u00e9pertoire explore les combinaisons possibles du 1, du 2 et 3 et cela sur trois niveaux verticaux du temps: le temps, sa division et l&rsquo;organisation de la mesure qui se font preuve mutuellement.<\/span><br \/>\n<span style=\"color: #333333;\"> En parall\u00e8le au chant, la guitare, est le seul instrument pr\u00e9sent. Qu\u2019elle soit acoustique ou \u00e9lectrique, elle se met au service des diff\u00e9rentes esth\u00e9tiques chor\u00e9graphiques abord\u00e9es dans les pi\u00e8ces.<\/span><\/p>\n<hr>\n<p><span style=\"color: #333333;\">Notre travail se tisse plus particuli\u00e8rement autour de ces diff\u00e9rents \u00e9l\u00e9ments:<\/span><\/p>\n<p><span style=\"color: #333333;\">&#8211; Des <strong>extraits de suites de Bach<\/strong> (pour luth, violon et violoncelle transcrites pour guitare folk) formant une suite \u00ab&nbsp;\u00e9clat\u00e9e&nbsp;\u00bb c\u2019est \u00e0 dire r\u00e9partie dans le programme, comportant toutes les danses de base d\u2019une suite de l\u2019\u00e9poque baroque (allemande, courante, sarabande, bourr\u00e9e ou gavotte , gigue) en r\u00e9sonance avec :<\/span><\/p>\n<p><span style=\"color: #333333;\">&#8211; Des extraits chant\u00e9s et chor\u00e9graphi\u00e9s provenant des <strong>27<\/strong> <strong>choeurs <\/strong>pour enfants ou voix de femmes de<strong> B\u00e9la Bart\u00f3k<\/strong><\/span><\/p>\n<p><span style=\"color: #333333;\">&#8211; Des <strong>suites de danses traditionnelles irlandaises<\/strong> (slow airs, hornpipes, jigs &amp; reels),<strong> fran\u00e7aises <\/strong>et du monde<strong><br \/>\n<\/strong><\/span><\/p>\n<p><span style=\"color: #333333;\">&#8211; Des <strong>danses baroques<\/strong> pour soliste ou de bal<\/span><\/p>\n<p><span style=\"color: #333333;\">&#8211; Des <strong>chansons<\/strong> du monde<\/span><\/p>\n<p><span style=\"color: #333333;\">&#8211; Des <strong>fragments po\u00e9tiques<\/strong><\/span><\/p>\n<p>&nbsp;<\/p>\n","protected":false},"excerpt":{"rendered":"<p>Dans le projet Bach to Trad &amp; CO se questionnent, se r\u00e9pondent, s&rsquo;influencent ces trois domaines artistiques: &nbsp; &nbsp; &nbsp; &nbsp; &nbsp; &nbsp; &nbsp; &nbsp; &nbsp; &nbsp;&nbsp;&nbsp;&nbsp; CONTEMPORAIN&nbsp;&nbsp;&nbsp;&nbsp;&nbsp;&nbsp;&nbsp;&nbsp;&nbsp; TRADITIONNEL&nbsp;&nbsp;&nbsp;&nbsp;&nbsp;&nbsp;&nbsp;&nbsp;&nbsp; BAROQUE&nbsp;&nbsp;&nbsp;&nbsp;&nbsp;&nbsp;&nbsp;&nbsp;&nbsp;&nbsp;&nbsp;&nbsp;&nbsp; &nbsp; &nbsp;Le c\u0153ur de ce projet est de faire dialoguer des musiques et danses d&rsquo;origines sociales, historiques et g\u00e9ographiques diverses&hellip; <\/p>\n","protected":false},"author":3,"featured_media":0,"parent":0,"menu_order":0,"comment_status":"closed","ping_status":"closed","template":"","meta":[],"_links":{"self":[{"href":"http:\/\/bach-to-trad-co.org\/index.php?rest_route=\/wp\/v2\/pages\/827"}],"collection":[{"href":"http:\/\/bach-to-trad-co.org\/index.php?rest_route=\/wp\/v2\/pages"}],"about":[{"href":"http:\/\/bach-to-trad-co.org\/index.php?rest_route=\/wp\/v2\/types\/page"}],"author":[{"embeddable":true,"href":"http:\/\/bach-to-trad-co.org\/index.php?rest_route=\/wp\/v2\/users\/3"}],"replies":[{"embeddable":true,"href":"http:\/\/bach-to-trad-co.org\/index.php?rest_route=%2Fwp%2Fv2%2Fcomments&post=827"}],"version-history":[{"count":32,"href":"http:\/\/bach-to-trad-co.org\/index.php?rest_route=\/wp\/v2\/pages\/827\/revisions"}],"predecessor-version":[{"id":1186,"href":"http:\/\/bach-to-trad-co.org\/index.php?rest_route=\/wp\/v2\/pages\/827\/revisions\/1186"}],"wp:attachment":[{"href":"http:\/\/bach-to-trad-co.org\/index.php?rest_route=%2Fwp%2Fv2%2Fmedia&parent=827"}],"curies":[{"name":"wp","href":"https:\/\/api.w.org\/{rel}","templated":true}]}}