{"id":87,"date":"2014-02-03T22:30:53","date_gmt":"2014-02-03T21:30:53","guid":{"rendered":"http:\/\/bach-to-trad-co.org\/?page_id=87"},"modified":"2021-06-12T18:28:36","modified_gmt":"2021-06-12T17:28:36","slug":"contact","status":"publish","type":"page","link":"http:\/\/bach-to-trad-co.org\/?page_id=87","title":{"rendered":"Contact"},"content":{"rendered":"<p style=\"text-align: center;\"><strong><a style=\"color: #333333;\" href=\"http:\/\/bach-to-trad-co.org\/wp-content\/uploads\/2014\/02\/Bach_to_Trad_Co_13122013_MarcO-23-e1420223633993.jpg\" data-rel=\"lightbox-image-0\" data-rl_title=\"\" data-rl_caption=\"\" title=\"\"><img loading=\"lazy\" class=\" size-full wp-image-550 alignright\" src=\"http:\/\/bach-to-trad-co.org\/wp-content\/uploads\/2014\/02\/Bach_to_Trad_Co_13122013_MarcO-23-e1420223633993.jpg\" alt=\"Bach_to_Trad_Co_13122013_MarcO-23\" width=\"100\" height=\"163\" \/><\/a><\/strong><\/p>\n<p style=\"text-align: center;\"><a href=\"mailto:contact@bach-to-trad-co.org\"><span style=\"color: #333333;\"><strong>contact@bach-to-trad-co.org<\/strong><\/span><\/a><\/p>\n<p style=\"text-align: center;\"><span style=\"color: #333333;\"><strong>01 44 07 58 35 \/ 06 13 64 80 30<\/strong><\/span><\/p>\n<p style=\"text-align: left;\"><span style=\"color: #333333;\">L&rsquo;association Atelier Chanson cr\u00e9\u00e9e en 1988 et anim\u00e9e par Denis Gasser est porteuse du projet.<\/span><\/p>\n<p style=\"text-align: left;\"><span style=\"color: #333333;\">Atelier Chanson<br \/>\n10 rue de Latran 75005 Paris<\/span><\/p>\n<p style=\"text-align: left;\"><span style=\"color: #333333;\">Ass. 1901<\/span><br \/>\n<span style=\"color: #333333;\"> SIRET : 350 271 615 00030<\/span><br \/>\n<span style=\"color: #333333;\"> Code APE : 900 1Z<\/span><br \/>\n<span style=\"color: #333333;\"> N\u00b0 de formation continue : 11 75 42679 75<\/span><br \/>\n<span style=\"color: #333333;\"> N\u00b0 de licence : 2-1066759<\/span><\/p>\n<p><span style=\"color: #333333;\">[Cr\u00e9dits photos: Mark-n-Oliver.com et Chlo\u00e9 Devis]<\/span><\/p>\n","protected":false},"excerpt":{"rendered":"<p>contact@bach-to-trad-co.org 01 44 07 58 35 \/ 06 13 64 80 30 L&rsquo;association Atelier Chanson cr\u00e9\u00e9e en 1988 et anim\u00e9e par Denis Gasser est porteuse du projet. Atelier Chanson 10 rue de Latran 75005 Paris Ass. 1901 SIRET : 350 271 615 00030 Code APE : 900 1Z N\u00b0 de&hellip; <\/p>\n","protected":false},"author":1,"featured_media":0,"parent":0,"menu_order":0,"comment_status":"closed","ping_status":"closed","template":"","meta":[],"_links":{"self":[{"href":"http:\/\/bach-to-trad-co.org\/index.php?rest_route=\/wp\/v2\/pages\/87"}],"collection":[{"href":"http:\/\/bach-to-trad-co.org\/index.php?rest_route=\/wp\/v2\/pages"}],"about":[{"href":"http:\/\/bach-to-trad-co.org\/index.php?rest_route=\/wp\/v2\/types\/page"}],"author":[{"embeddable":true,"href":"http:\/\/bach-to-trad-co.org\/index.php?rest_route=\/wp\/v2\/users\/1"}],"replies":[{"embeddable":true,"href":"http:\/\/bach-to-trad-co.org\/index.php?rest_route=%2Fwp%2Fv2%2Fcomments&post=87"}],"version-history":[{"count":15,"href":"http:\/\/bach-to-trad-co.org\/index.php?rest_route=\/wp\/v2\/pages\/87\/revisions"}],"predecessor-version":[{"id":1160,"href":"http:\/\/bach-to-trad-co.org\/index.php?rest_route=\/wp\/v2\/pages\/87\/revisions\/1160"}],"wp:attachment":[{"href":"http:\/\/bach-to-trad-co.org\/index.php?rest_route=%2Fwp%2Fv2%2Fmedia&parent=87"}],"curies":[{"name":"wp","href":"https:\/\/api.w.org\/{rel}","templated":true}]}}